{"id":405,"date":"2020-03-11T21:58:22","date_gmt":"2020-03-11T21:58:22","guid":{"rendered":"http:\/\/zerodeforestationcattle.org\/about\/"},"modified":"2020-10-22T15:09:05","modified_gmt":"2020-10-22T15:09:05","slug":"about","status":"publish","type":"page","link":"https:\/\/zerodeforestationcattle.org\/pt-br\/about\/","title":{"rendered":"Sobre"},"content":{"rendered":"<p>Este site foi desenvolvido como um projeto colaborativo entre a\u00a0<a href=\"http:\/\/nwf.org\/\" target=\"_blank\" rel=\"noopener noreferrer\">National Wildlife Federation (NWF)<\/a>\u00a0e a\u00a0<a href=\"http:\/\/www.gibbs-lab.com\/\" target=\"_blank\" rel=\"noopener noreferrer\">Gibbs Land Use and Environment Lab (GLUE)<\/a>. O site visa mostrar como iniciativas da cadeia produtiva est\u00e3o apoiando solu\u00e7\u00f5es eficazes para produ\u00e7\u00e3o de carne, couro e sebo com desmatamento zero certificado na Amaz\u00f4nia brasileira. O site tamb\u00e9m destaca maneiras pelas quais os membros da cadeia produtiva podem apoiar a melhoria cont\u00ednua e garantir que os produtos provenientes da pecu\u00e1ria nessa regi\u00e3o n\u00e3o contribuam para a perda de florestas tropicais. Este site foi criado como um recurso para profissionais de compras e de sustentabilidade e continuar\u00e1 a evoluir \u00e0 medida que novas pesquisas, dados e an\u00e1lises se tornem dispon\u00edveis.<\/p>\n<p>Para perguntas ou coment\u00e1rios, por favor, entre em contato com:\u00a0<a href=\"mailto:ZeroDeforestation@nwf.org\" target=\"_blank\" rel=\"noopener noreferrer\">ZeroDeforestation@nwf.org<\/a><\/p>\n<p>A\u00a0<a href=\"http:\/\/nwf.org\/\" target=\"_blank\" rel=\"noopener noreferrer\">NWF<\/a>\u00a0\u00e9 a maior e mais antiga organiza\u00e7\u00e3o para educa\u00e7\u00e3o e conserva\u00e7\u00e3o da vida selvagem nos Estados Unidos, com quase 6 milh\u00f5es de membros e apoiadores e 49 afiliadas estaduais e territoriais. A divis\u00e3o internacional da NWF (<a href=\"https:\/\/international.nwf.org\/\" target=\"_blank\" rel=\"noopener noreferrer\">International Wildlife Conservation<\/a>) desenvolve estrat\u00e9gias para reduzir impactos ambientais associados com a agricultura de larga escala, para ajudar a garantir que a produ\u00e7\u00e3o de commodities possa atender as necessidades do mundo sem destruir florestas ou comprometer o habitat de animais selvagens.<\/p>\n<p>O\u00a0<a href=\"http:\/\/www.gibbs-lab.com\/\" target=\"_blank\" rel=\"noopener noreferrer\">Gibbs Land Use and Environment Lab (GLUE)<\/a>\u00a0da Universidade de Wisconsin-Madison, \u00e9 um grupo de pesquisa acad\u00eamica, dedicado ao estudo das intera\u00e7\u00f5es homem-ambiente. Os pesquisadores usam mapas, sensoriamento remoto, modelagem e an\u00e1lises de cadeias produtivas de commodities combinados com entrevistas com as partes interessadas \u200b\u200bpara compreender o uso da terra ao redor do mundo. Eles s\u00e3o especialmente empenhados em compreender o potencial de solu\u00e7\u00f5es emergentes de mercado para reduzir o desmatamento tropical, e trabalhar em estreita colabora\u00e7\u00e3o com os respons\u00e1veis \u200b\u200bpol\u00edticos, l\u00edderes empresariais e organiza\u00e7\u00f5es n\u00e3o-governamentais.<\/p>\n","protected":false},"excerpt":{"rendered":"<p>Este site foi desenvolvido como um projeto colaborativo entre a\u00a0National Wildlife Federation (NWF)\u00a0e a\u00a0Gibbs Land Use and Environment Lab (GLUE). O site visa mostrar como iniciativas da cadeia produtiva est\u00e3o apoiando solu\u00e7\u00f5es eficazes para produ\u00e7\u00e3o de carne, couro e sebo com desmatamento zero certificado na Amaz\u00f4nia brasileira. O site tamb\u00e9m destaca maneiras pelas quais os [&hellip;]<\/p>\n","protected":false},"author":1,"featured_media":0,"parent":0,"menu_order":8,"comment_status":"closed","ping_status":"closed","template":"about","meta":[],"_links":{"self":[{"href":"https:\/\/zerodeforestationcattle.org\/pt-br\/wp-json\/wp\/v2\/pages\/405"}],"collection":[{"href":"https:\/\/zerodeforestationcattle.org\/pt-br\/wp-json\/wp\/v2\/pages"}],"about":[{"href":"https:\/\/zerodeforestationcattle.org\/pt-br\/wp-json\/wp\/v2\/types\/page"}],"author":[{"embeddable":true,"href":"https:\/\/zerodeforestationcattle.org\/pt-br\/wp-json\/wp\/v2\/users\/1"}],"replies":[{"embeddable":true,"href":"https:\/\/zerodeforestationcattle.org\/pt-br\/wp-json\/wp\/v2\/comments?post=405"}],"version-history":[{"count":0,"href":"https:\/\/zerodeforestationcattle.org\/pt-br\/wp-json\/wp\/v2\/pages\/405\/revisions"}],"wp:attachment":[{"href":"https:\/\/zerodeforestationcattle.org\/pt-br\/wp-json\/wp\/v2\/media?parent=405"}],"curies":[{"name":"wp","href":"https:\/\/api.w.org\/{rel}","templated":true}]}}