{"id":378,"date":"2020-03-11T21:30:26","date_gmt":"2020-03-11T21:30:26","guid":{"rendered":"http:\/\/zerodeforestationcattle.org\/a-brief-introduction-to-the-brazilian-amazon-and-cattle-ranching\/"},"modified":"2020-10-22T20:12:36","modified_gmt":"2020-10-22T20:12:36","slug":"a-amazonia-brasileira-e-a-pecuaria-de-corte-uma-breve-introducao","status":"publish","type":"page","link":"https:\/\/zerodeforestationcattle.org\/pt-br\/a-amazonia-brasileira-e-a-pecuaria-de-corte-uma-breve-introducao\/","title":{"rendered":"A Amaz\u00f4nia Brasileira e a Pecu\u00e1ria de Corte: Uma breve introdu\u00e7\u00e3o"},"content":{"rendered":"<p>As florestas tropicais prestam uma ampla gama de valiosos servi\u00e7os ecossist\u00eamicos, proporcionando benef\u00edcios tais como a regula\u00e7\u00e3o do clima local, regional e global. A perda em grande escala das florestas coloca em risco esses servi\u00e7os cr\u00edticos e pode impactar negativamente tanto as pessoas quanto os animais muito al\u00e9m da Amaz\u00f4nia.<\/p>\n","protected":false},"excerpt":{"rendered":"<p>As florestas tropicais prestam uma ampla gama de valiosos servi\u00e7os ecossist\u00eamicos, proporcionando benef\u00edcios tais como a regula\u00e7\u00e3o do clima local, regional e global. A perda em grande escala das florestas coloca em risco esses servi\u00e7os cr\u00edticos e pode impactar negativamente tanto as pessoas quanto os animais muito al\u00e9m da Amaz\u00f4nia.<\/p>\n","protected":false},"author":1,"featured_media":379,"parent":0,"menu_order":2,"comment_status":"closed","ping_status":"closed","template":"chapter1","meta":[],"_links":{"self":[{"href":"https:\/\/zerodeforestationcattle.org\/pt-br\/wp-json\/wp\/v2\/pages\/378"}],"collection":[{"href":"https:\/\/zerodeforestationcattle.org\/pt-br\/wp-json\/wp\/v2\/pages"}],"about":[{"href":"https:\/\/zerodeforestationcattle.org\/pt-br\/wp-json\/wp\/v2\/types\/page"}],"author":[{"embeddable":true,"href":"https:\/\/zerodeforestationcattle.org\/pt-br\/wp-json\/wp\/v2\/users\/1"}],"replies":[{"embeddable":true,"href":"https:\/\/zerodeforestationcattle.org\/pt-br\/wp-json\/wp\/v2\/comments?post=378"}],"version-history":[{"count":0,"href":"https:\/\/zerodeforestationcattle.org\/pt-br\/wp-json\/wp\/v2\/pages\/378\/revisions"}],"wp:featuredmedia":[{"embeddable":true,"href":"https:\/\/zerodeforestationcattle.org\/pt-br\/wp-json\/wp\/v2\/media\/379"}],"wp:attachment":[{"href":"https:\/\/zerodeforestationcattle.org\/pt-br\/wp-json\/wp\/v2\/media?parent=378"}],"curies":[{"name":"wp","href":"https:\/\/api.w.org\/{rel}","templated":true}]}}